{"id":14456,"date":"2017-03-27T08:56:16","date_gmt":"2017-03-27T08:56:16","guid":{"rendered":"https:\/\/hpp-pressurepumps.com\/?page_id=14456\/"},"modified":"2017-03-30T13:44:29","modified_gmt":"2017-03-30T13:44:29","slug":"landing-ptc","status":"publish","type":"page","link":"https:\/\/hpp-pressurepumps.com\/es\/landing-ptc\/","title":{"rendered":"Landing PTC"},"content":{"rendered":"<p><div class=\"fusion-fullwidth fullwidth-box fusion-builder-row-1 hundred-percent-fullwidth non-hundred-percent-height-scrolling\" style=\"--awb-border-radius-top-left:0px;--awb-border-radius-top-right:0px;--awb-border-radius-bottom-right:0px;--awb-border-radius-bottom-left:0px;--awb-padding-top:0px;--awb-padding-right:0px;--awb-padding-bottom:0px;--awb-padding-left:0px;--awb-margin-top:0px;--awb-margin-bottom:0px;--awb-flex-wrap:wrap;\" ><div class=\"fusion-builder-row fusion-row\"><div class=\"fusion-layout-column fusion_builder_column fusion-builder-column-0 fusion_builder_column_1_1 1_1 fusion-one-full fusion-column-first fusion-column-last fusion-column-no-min-height\" style=\"--awb-bg-position:center bottom;--awb-bg-size:cover;--awb-margin-bottom:0px;\"><div class=\"fusion-column-wrapper fusion-flex-column-wrapper-legacy\"><div class=\"fusion-image-element fusion-image-align-center in-legacy-container\" style=\"text-align:center;--awb-caption-title-font-family:var(--h2_typography-font-family);--awb-caption-title-font-weight:var(--h2_typography-font-weight);--awb-caption-title-font-style:var(--h2_typography-font-style);--awb-caption-title-size:var(--h2_typography-font-size);--awb-caption-title-transform:var(--h2_typography-text-transform);--awb-caption-title-line-height:var(--h2_typography-line-height);--awb-caption-title-letter-spacing:var(--h2_typography-letter-spacing);\"><div class=\"imageframe-align-center\"><span class=\" fusion-imageframe imageframe-none imageframe-1 hover-type-none\" style=\"border-radius:5px;\"><img decoding=\"async\" width=\"1170\" height=\"443\" alt=\"PTC High Pressure Jetting\" title=\"PTC High Pressure Jetting\" src=\"https:\/\/hpp-pressurepumps.com\/wp-content\/uploads\/2017\/03\/head5_ptc_es.jpg\" class=\"img-responsive wp-image-16770\" srcset=\"https:\/\/hpp-pressurepumps.com\/wp-content\/uploads\/2017\/03\/head5_ptc_es-200x76.jpg 200w, https:\/\/hpp-pressurepumps.com\/wp-content\/uploads\/2017\/03\/head5_ptc_es-400x151.jpg 400w, https:\/\/hpp-pressurepumps.com\/wp-content\/uploads\/2017\/03\/head5_ptc_es-600x227.jpg 600w, https:\/\/hpp-pressurepumps.com\/wp-content\/uploads\/2017\/03\/head5_ptc_es-800x303.jpg 800w, https:\/\/hpp-pressurepumps.com\/wp-content\/uploads\/2017\/03\/head5_ptc_es.jpg 1170w\" sizes=\"(max-width: 800px) 100vw, 1170px\" \/><\/span><\/div><\/div><div class=\"fusion-clearfix\"><\/div><\/div><\/div><\/div><\/div><div class=\"fusion-fullwidth fullwidth-box fusion-builder-row-2 fusion-parallax-none hundred-percent-fullwidth non-hundred-percent-height-scrolling fusion-equal-height-columns\" style=\"--awb-border-radius-top-left:0px;--awb-border-radius-top-right:0px;--awb-border-radius-bottom-right:0px;--awb-border-radius-bottom-left:0px;--awb-margin-top:0px;--awb-margin-bottom:0px;--awb-background-image:url(&quot;http:\/\/hpp-pressurepumps.com\/wp-content\/uploads\/2017\/03\/bg_2_ptc.jpg&quot;);--awb-background-size:cover;--awb-flex-wrap:wrap;\" ><div class=\"fusion-builder-row fusion-row\"><div class=\"fusion-layout-column fusion_builder_column fusion-builder-column-1 fusion_builder_column_2_3 2_3 fusion-two-third fusion-column-first\" style=\"--awb-padding-top:5px;--awb-padding-right:100px;--awb-bg-size:cover;width:66.666666666667%;width:calc(66.666666666667% - ( ( 4% ) * 0.66666666666667 ) );margin-right: 4%;\"><div class=\"fusion-column-wrapper fusion-flex-column-wrapper-legacy\"><div class=\"fusion-text fusion-text-1\"><h1><strong><span style=\"color: #ffffff;\">Tiene problemas?<\/span><\/strong><br \/>\n<strong><span style=\"color: #ffffff;\"> Nosotros tenemos las soluciones.<\/span><\/strong><\/h1>\n<\/div><div class=\"fusion-text fusion-text-2\"><p><span style=\"color: #ffffff;\"><strong>PTC Srl<\/strong> es una importante empresa italiana especializada en la tecnolog\u00eda del agua de alta y muy alta presi\u00f3n. La oferta productiva se concentra en dos divisiones distintas pero complementarias:<\/span><\/p>\n<ul>\n<li><span style=\"color: #ffffff;\"><strong>Urban Cleaning Division: dise\u00f1o y producci\u00f3n de unidades hidrodin\u00e1micas fijas y m\u00f3viles, utilizadas principalmente en el sector de purga y en la limpieza urbana<\/strong><\/span><\/li>\n<li><span style=\"color: #ffffff;\"><strong>Water Jetting Division: dise\u00f1o y producci\u00f3n de unidades de alta y muy alta presi\u00f3n, aptas para numerosas aplicaciones en distintos sectores: oil &#038; gas, naval, sider\u00fargico, civil, industrial, etc.<\/strong><\/span><\/li>\n<\/ul>\n<p><span style=\"color: #ffffff;\">Para ambas l\u00edneas se ofrece un amplio cat\u00e1logo de accesorios especiales con un elevado contenido tecnol\u00f3gico, garantizando la soluci\u00f3n correcta para cualquier necesidad.<\/span><\/p>\n<p><span style=\"color: #ffffff;\">Si est\u00e1 buscando un partner fiable y flexible, cumplimente el formulario de al lado y en 24 horas ser\u00e1 contactado por uno de  nuestros responsables comerciales.<\/span><\/p>\n<p><span style=\"color: #ffffff;\"><strong>Conf\u00ede en nosotros, no le decepcionaremos.<\/strong><\/span><\/p>\n<\/div><div class=\"fusion-clearfix\"><\/div><\/div><\/div><div class=\"fusion-layout-column fusion_builder_column fusion-builder-column-2 fusion_builder_column_1_3 1_3 fusion-one-third fusion-column-last\" style=\"--awb-padding-top:30px;--awb-padding-right:10px;--awb-padding-left:10px;--awb-bg-size:cover;width:33.333333333333%;width:calc(33.333333333333% - ( ( 4% ) * 0.33333333333333 ) );\"><div class=\"fusion-column-wrapper fusion-flex-column-wrapper-legacy\"><div class=\"fusion-text fusion-text-3\"><h2><strong><span style=\"color: #ffffff;\">Rellene este formulario para recibir m\u00e1s informaci\u00f3n<\/span><\/strong><\/h2>\n<\/div><div class=\"fusion-sep-clear\"><\/div><div class=\"fusion-separator fusion-full-width-sep\" style=\"margin-left: auto;margin-right: auto;margin-top:0px;margin-bottom:10px;width:100%;\"><div class=\"fusion-separator-border sep-single sep-solid\" style=\"--awb-height:20px;--awb-amount:20px;--awb-sep-color:#ffffff;border-color:#ffffff;border-top-width:1px;\"><\/div><\/div><div class=\"fusion-sep-clear\"><\/div>\n<div class=\"wpcf7 no-js\" id=\"wpcf7-f14437-o1\" lang=\"en-US\" dir=\"ltr\" data-wpcf7-id=\"14437\">\n<div class=\"screen-reader-response\"><p role=\"status\" aria-live=\"polite\" aria-atomic=\"true\"><\/p> <ul><\/ul><\/div>\n<form action=\"\/es\/wp-json\/wp\/v2\/pages\/14456#wpcf7-f14437-o1\" method=\"post\" class=\"wpcf7-form init\" aria-label=\"Contact form\" novalidate=\"novalidate\" data-status=\"init\">\n<fieldset class=\"hidden-fields-container\"><input type=\"hidden\" name=\"_wpcf7\" value=\"14437\" \/><input type=\"hidden\" name=\"_wpcf7_version\" value=\"6.1.3\" \/><input type=\"hidden\" name=\"_wpcf7_locale\" value=\"en_US\" \/><input type=\"hidden\" name=\"_wpcf7_unit_tag\" value=\"wpcf7-f14437-o1\" \/><input type=\"hidden\" name=\"_wpcf7_container_post\" value=\"0\" \/><input type=\"hidden\" name=\"_wpcf7_posted_data_hash\" value=\"\" \/><input type=\"hidden\" name=\"_wpcf7_recaptcha_response\" value=\"\" \/>\n<\/fieldset>\n<p><label> Nombre (required)<br \/>\n<span class=\"wpcf7-form-control-wrap\" data-name=\"your-name\"><input size=\"40\" maxlength=\"400\" class=\"wpcf7-form-control wpcf7-text wpcf7-validates-as-required\" aria-required=\"true\" aria-invalid=\"false\" value=\"\" type=\"text\" name=\"your-name\" \/><\/span> <\/label>\n<\/p>\n<p><label> Direcci\u00f3n de email (required)<br \/>\n<span class=\"wpcf7-form-control-wrap\" data-name=\"your-email\"><input size=\"40\" maxlength=\"400\" class=\"wpcf7-form-control wpcf7-email wpcf7-validates-as-required wpcf7-text wpcf7-validates-as-email\" aria-required=\"true\" aria-invalid=\"false\" value=\"\" type=\"email\" name=\"your-email\" \/><\/span> <\/label>\n<\/p>\n<p><label> Apellidos (required)<br \/>\n<span class=\"wpcf7-form-control-wrap\" data-name=\"your-subject\"><input size=\"40\" maxlength=\"400\" class=\"wpcf7-form-control wpcf7-text wpcf7-validates-as-required\" aria-required=\"true\" aria-invalid=\"false\" value=\"\" type=\"text\" name=\"your-subject\" \/><\/span> <\/label>\n<\/p>\n<p><label> Mensaje (required)<br \/>\n<span class=\"wpcf7-form-control-wrap\" data-name=\"your-message\"><textarea cols=\"40\" rows=\"10\" maxlength=\"2000\" class=\"wpcf7-form-control wpcf7-textarea wpcf7-validates-as-required\" aria-required=\"true\" aria-invalid=\"false\" name=\"your-message\"><\/textarea><\/span> <\/label>\n<\/p>\n\n<p>*In compliance with articles 7-8-9 of E.R. 2016\/679 I declare that I have <a style=\"color:#fc7317\" href=\"\/company\/legal-information\/#tab-cb2498e9095707990c0\" target=\"_blank\">read the information<\/a> and consent to the processing of data for the purposes as per point a) <span class=\"wpcf7-form-control-wrap\" data-name=\"checkbox-669\"><span class=\"wpcf7-form-control wpcf7-checkbox wpcf7-validates-as-required wpcf7-exclusive-checkbox\"><span class=\"wpcf7-list-item first\"><input type=\"checkbox\" name=\"checkbox-669\" value=\"I authorize\" \/><span class=\"wpcf7-list-item-label\">I authorize<\/span><\/span><span class=\"wpcf7-list-item last\"><input type=\"checkbox\" name=\"checkbox-669\" value=\"I do not authorize\" \/><span class=\"wpcf7-list-item-label\">I do not authorize<\/span><\/span><\/span><\/span>\n<\/p>\n<p>Consent for \u201cdirect marketing\u201d (this consent is optional). I declare that I have <a style=\"color:#fc7317\" href=\"\/company\/legal-information\/#tab-cb2498e9095707990c0\" target=\"_blank\">read the information<\/a> and consent to the processing of data for the purposes as per point b) <span class=\"wpcf7-form-control-wrap\" data-name=\"checkbox-870\"><span class=\"wpcf7-form-control wpcf7-checkbox wpcf7-exclusive-checkbox\"><span class=\"wpcf7-list-item first\"><input type=\"checkbox\" name=\"checkbox-870\" value=\"I authorize\" \/><span class=\"wpcf7-list-item-label\">I authorize<\/span><\/span><span class=\"wpcf7-list-item last\"><input type=\"checkbox\" name=\"checkbox-870\" value=\"I do not authorize\" \/><span class=\"wpcf7-list-item-label\">I do not authorize<\/span><\/span><\/span><\/span>\n<\/p>\n<p><input class=\"wpcf7-form-control wpcf7-submit has-spinner\" type=\"submit\" value=\"PIDA AHORA\" \/>\n<\/p><div class=\"fusion-alert alert custom alert-custom fusion-alert-center wpcf7-response-output fusion-alert-capitalize awb-alert-native-link-color alert-dismissable awb-alert-close-boxed\" style=\"--awb-border-top-left-radius:0px;--awb-border-top-right-radius:0px;--awb-border-bottom-left-radius:0px;--awb-border-bottom-right-radius:0px;\" role=\"alert\"><div class=\"fusion-alert-content-wrapper\"><span class=\"fusion-alert-content\"><\/span><\/div><button type=\"button\" class=\"close toggle-alert\" data-dismiss=\"alert\" aria-label=\"Close\">&times;<\/button><\/div>\n<\/form>\n<\/div>\n<div class=\"fusion-clearfix\"><\/div><\/div><\/div><\/div><\/div><div class=\"fusion-fullwidth fullwidth-box fusion-builder-row-3 hundred-percent-fullwidth non-hundred-percent-height-scrolling\" style=\"--awb-border-radius-top-left:0px;--awb-border-radius-top-right:0px;--awb-border-radius-bottom-right:0px;--awb-border-radius-bottom-left:0px;--awb-padding-top:0px;--awb-padding-right:0px;--awb-padding-bottom:0px;--awb-padding-left:0px;--awb-margin-top:0px;--awb-margin-bottom:0px;--awb-flex-wrap:wrap;\" ><div class=\"fusion-builder-row fusion-row\"><div class=\"fusion-layout-column fusion_builder_column fusion-builder-column-3 fusion_builder_column_1_1 1_1 fusion-one-full fusion-column-first fusion-column-last fusion-column-no-min-height\" style=\"--awb-bg-position:center bottom;--awb-bg-size:cover;--awb-margin-bottom:0px;\"><div class=\"fusion-column-wrapper fusion-flex-column-wrapper-legacy\"><div class=\"fusion-image-element fusion-image-align-center in-legacy-container\" style=\"text-align:center;--awb-caption-title-font-family:var(--h2_typography-font-family);--awb-caption-title-font-weight:var(--h2_typography-font-weight);--awb-caption-title-font-style:var(--h2_typography-font-style);--awb-caption-title-size:var(--h2_typography-font-size);--awb-caption-title-transform:var(--h2_typography-text-transform);--awb-caption-title-line-height:var(--h2_typography-line-height);--awb-caption-title-letter-spacing:var(--h2_typography-letter-spacing);\"><div class=\"imageframe-align-center\"><span class=\" fusion-imageframe imageframe-none imageframe-2 hover-type-none\" style=\"border-radius:5px;\"><img decoding=\"async\" width=\"1170\" height=\"364\" alt=\"footer ptc\" title=\"ptc\" src=\"https:\/\/hpp-pressurepumps.com\/wp-content\/uploads\/2017\/03\/footer_4_ptc.jpg\" class=\"img-responsive wp-image-16974\" srcset=\"https:\/\/hpp-pressurepumps.com\/wp-content\/uploads\/2017\/03\/footer_4_ptc-200x62.jpg 200w, https:\/\/hpp-pressurepumps.com\/wp-content\/uploads\/2017\/03\/footer_4_ptc-400x124.jpg 400w, https:\/\/hpp-pressurepumps.com\/wp-content\/uploads\/2017\/03\/footer_4_ptc-600x187.jpg 600w, https:\/\/hpp-pressurepumps.com\/wp-content\/uploads\/2017\/03\/footer_4_ptc-800x249.jpg 800w, https:\/\/hpp-pressurepumps.com\/wp-content\/uploads\/2017\/03\/footer_4_ptc.jpg 1170w\" sizes=\"(max-width: 800px) 100vw, 1170px\" \/><\/span><\/div><\/div><div class=\"fusion-clearfix\"><\/div><\/div><\/div><\/div><\/div><\/p>\n","protected":false},"excerpt":{"rendered":"","protected":false},"author":1,"featured_media":0,"parent":0,"menu_order":0,"comment_status":"closed","ping_status":"closed","template":"100-width.php","meta":{"footnotes":""},"class_list":["post-14456","page","type-page","status-publish","hentry"],"_links":{"self":[{"href":"https:\/\/hpp-pressurepumps.com\/es\/wp-json\/wp\/v2\/pages\/14456","targetHints":{"allow":["GET"]}}],"collection":[{"href":"https:\/\/hpp-pressurepumps.com\/es\/wp-json\/wp\/v2\/pages"}],"about":[{"href":"https:\/\/hpp-pressurepumps.com\/es\/wp-json\/wp\/v2\/types\/page"}],"author":[{"embeddable":true,"href":"https:\/\/hpp-pressurepumps.com\/es\/wp-json\/wp\/v2\/users\/1"}],"replies":[{"embeddable":true,"href":"https:\/\/hpp-pressurepumps.com\/es\/wp-json\/wp\/v2\/comments?post=14456"}],"version-history":[{"count":0,"href":"https:\/\/hpp-pressurepumps.com\/es\/wp-json\/wp\/v2\/pages\/14456\/revisions"}],"wp:attachment":[{"href":"https:\/\/hpp-pressurepumps.com\/es\/wp-json\/wp\/v2\/media?parent=14456"}],"curies":[{"name":"wp","href":"https:\/\/api.w.org\/{rel}","templated":true}]}}